{"id":61,"date":"2016-07-05T18:44:17","date_gmt":"2016-07-05T16:44:17","guid":{"rendered":"http:\/\/kindergarten-st-konrad.de\/wordpress\/?page_id=61"},"modified":"2024-01-12T10:27:17","modified_gmt":"2024-01-12T09:27:17","slug":"impressum","status":"publish","type":"page","link":"http:\/\/kindergarten-st-konrad.de\/?page_id=61","title":{"rendered":"Impressum"},"content":{"rendered":"\n<p>Der angef\u00fcgte Link f\u00fchrt zur Seite des Staatsministerium, der Anregungen und weitere Links als Unterst\u00fctzungsm\u00f6glichkeiten bietet: <a href=\"https:\/\/www.stmas.bayern.de\/unser-soziales-bayern\/familien-fachkraefte\/index.php\">https:\/\/www.stmas.bayern.de\/unser-soziales-bayern\/familien-fachkraefte\/index.php<\/a><\/p>\n\n\n\n<p><\/p>\n\n\n<p style=\"text-align: center;\"><span style=\"color: #ff9900;\"><strong>Impressum<\/strong><\/span><\/p>\n<p style=\"text-align: center;\"><strong>Kath. Kindergarten und Kinderkrippe St. Konrad<\/strong><\/p>\n<p style=\"text-align: center;\">Einrichtung der Katholischen Kirchengemeinde St. Konrad<br \/>Christoph -von-Schmid-Str. 10<br \/>85055 Ingolstadt<br \/>Telefon: +49 841-25383<br \/>Fax: +49 841-3707164<br \/>E-Mail: info@kindergarten-st-konrad.de<br \/>Internet: http:\/\/www.kindergarten-st-konrad.de<\/p>\n<hr \/>\n<p style=\"text-align: center;\">Die Kath. Kirchengemeinde St. Konrad ist eine K\u00f6rperschaft des \u00d6ffentlichen Rechts und wird durch den Kirchenvorstand vertreten.<\/p>\n<p style=\"text-align: center;\">Vorsitzender:\u00a0 Herr Pfarrer Dr. Clemens Hergenr\u00f6der<br \/>Feldkirchener Stra\u00dfe 81<br \/>85055 Ingolstadt<\/p>\n<hr \/>\n<p style=\"text-align: center;\">Inhaltlich verantwortlich f\u00fcr diesen Internet-Auftritt:<br \/>Isabella Botz, Christoph-von Schmid Str. 10, 85055 Ingolstadt<\/p>","protected":false},"excerpt":{"rendered":"<p>Der angef\u00fcgte Link f\u00fchrt zur Seite des Staatsministerium, der Anregungen und weitere Links als Unterst\u00fctzungsm\u00f6glichkeiten bietet: https:\/\/www.stmas.bayern.de\/unser-soziales-bayern\/familien-fachkraefte\/index.php Impressum Kath. Kindergarten und Kinderkrippe St. Konrad Einrichtung der Katholischen Kirchengemeinde St. KonradChristoph -von-Schmid-Str. 1085055 IngolstadtTelefon: +49 841-25383Fax: +49 841-3707164E-Mail: info@kindergarten-st-konrad.deInternet: http:\/\/www.kindergarten-st-konrad.de Die Kath. Kirchengemeinde St. Konrad ist eine K\u00f6rperschaft des \u00d6ffentlichen Rechts und wird durch den Kirchenvorstand [&hellip;]<\/p>\n","protected":false},"author":1,"featured_media":0,"parent":0,"menu_order":0,"comment_status":"closed","ping_status":"closed","template":"","meta":{"jetpack_post_was_ever_published":false,"footnotes":""},"class_list":["post-61","page","type-page","status-publish","hentry"],"jetpack_sharing_enabled":true,"jetpack_shortlink":"https:\/\/wp.me\/P7HeSw-Z","_links":{"self":[{"href":"http:\/\/kindergarten-st-konrad.de\/index.php?rest_route=\/wp\/v2\/pages\/61","targetHints":{"allow":["GET"]}}],"collection":[{"href":"http:\/\/kindergarten-st-konrad.de\/index.php?rest_route=\/wp\/v2\/pages"}],"about":[{"href":"http:\/\/kindergarten-st-konrad.de\/index.php?rest_route=\/wp\/v2\/types\/page"}],"author":[{"embeddable":true,"href":"http:\/\/kindergarten-st-konrad.de\/index.php?rest_route=\/wp\/v2\/users\/1"}],"replies":[{"embeddable":true,"href":"http:\/\/kindergarten-st-konrad.de\/index.php?rest_route=%2Fwp%2Fv2%2Fcomments&post=61"}],"version-history":[{"count":7,"href":"http:\/\/kindergarten-st-konrad.de\/index.php?rest_route=\/wp\/v2\/pages\/61\/revisions"}],"predecessor-version":[{"id":1599,"href":"http:\/\/kindergarten-st-konrad.de\/index.php?rest_route=\/wp\/v2\/pages\/61\/revisions\/1599"}],"wp:attachment":[{"href":"http:\/\/kindergarten-st-konrad.de\/index.php?rest_route=%2Fwp%2Fv2%2Fmedia&parent=61"}],"curies":[{"name":"wp","href":"https:\/\/api.w.org\/{rel}","templated":true}]}}