{"id":59,"date":"2016-07-05T18:44:08","date_gmt":"2016-07-05T16:44:08","guid":{"rendered":"http:\/\/kindergarten-st-konrad.de\/wordpress\/?page_id=59"},"modified":"2016-07-05T20:56:38","modified_gmt":"2016-07-05T18:56:38","slug":"rechtliche-hinweise","status":"publish","type":"page","link":"http:\/\/kindergarten-st-konrad.de\/?page_id=59","title":{"rendered":"Rechtliche Hinweise"},"content":{"rendered":"<p><span style=\"color: #ff9900;\"><strong>Hinweise zum Urheberrecht<\/strong>:<\/span><\/p>\n<p>Soweit Inhalte aus dieser Domain in eigene Seiten eingestellt oder anderweitig reproduziert werden sollen, ist eine Erlaubnis des Kindergartens St. Konrad erforderlich. Der Kindergarten St. Konrad h\u00e4lt das Urheberrecht am Inhalt der Domain &#8222;www.kindergarten-st-konrad.de&#8220;, sowohl an Text, Bildern als auch am Design der Seiten. Ein \u00fcber die Grenzen der \u00a7\u00a745ff UrhG hinausgehender Gebrauch dieser Seiten ist nicht gestattet. Es ist untersagt, diese Sammlung ganz oder teilweise zu kopieren, um sie zu vertreiben, weiterhin ist auch der Vertrieb als solcher untersagt. Das gilt sowohl f\u00fcr den Vertrieb in gedruckter Form als auch in elektronischer Form. Zudem ist es untersagt, diese Seite oder Teile dieser Seite auf einem anderen Server zu &#8222;spiegeln&#8220;. Bitte beachten Sie weiter, dass die Zusammenstellung und Bearbeitung der Texte als Internet-Dokument dem Schutz der \u00a7\u00a71 ff. UrhG unterf\u00e4llt und zum Schutz dieser Rechte Unterlassung und Schadensersatz geltend gemacht werden k\u00f6nnen (\u00a7\u00a7 97ff. UrhG). Die Reproduktion einzelner Inhalte oder kompletter Seiten ist verboten und wird verfolgt. Auch eine Linksammlung ist als Datenbank urheberrechtlich gesch\u00fctzt (LG K\u00f6ln AZ 28 0 527\/98).<\/p>\n<p><span style=\"color: #ff9900;\"><strong>Haftungsausschluss:<\/strong><\/span><\/p>\n<p>Es besteht keine Gew\u00e4hr f\u00fcr Richtigkeit, Vollst\u00e4ndigkeit und Aktualit\u00e4t. Die Haftung bestimmt sich nach den allgemeinen Gesetzen, der H\u00f6he nach jedoch beschr\u00e4nkt auf vorhersehbare Sch\u00e4den. Es besteht weder eine Haftung f\u00fcr Existenz und Inhalt von Hyperlinks auf fremde Websites, noch f\u00fcr unaufgeforderte Materialien.<\/p>\n<p>Mit dem <span style=\"color: #ff9900;\"><strong>Urteil vom 12. Mai 1998<\/strong><\/span> hat das Landgericht Hamburg entschieden, dass mit Anbringung eines Links die Inhalte der gelinkten Seite ggf. mit zu verantworten sind. Dies kann &#8211; so das Landgericht &#8211; nur dadurch verhindert werden, dass man sich von diesen Inhalten ausdr\u00fccklich distanziert. Wir haben Links zu anderen Seiten im Internet gelegt. F\u00fcr alle diese Links gilt:\u2028- Der Kindergarten St. Konrad hat keinen Einfluss auf die Inhalte oder die Gestaltung der gelinkten Seiten. Der Kindergarten St. Konrad \u00fcbernimmt keinerlei Verantwortung f\u00fcr die Inhalte von Internetseiten, auf deren URL in unseren Seiten verwiesen wird. Diese Erkl\u00e4rung gilt f\u00fcr alle auf unseren Seiten angebrachten Links und f\u00fcr die Inhalte aller Seiten, zu denen die angebrachten Links f\u00fchren. \u2028- Die Aufnahme von Links auf andere URLs ist ein Service f\u00fcr unsere Internet-Besucher und jederzeit widerrufbar. Sie beinhaltet keinen Rechtsanspruch auf Beibehalt.<\/p>\n","protected":false},"excerpt":{"rendered":"<p>Hinweise zum Urheberrecht: Soweit Inhalte aus dieser Domain in eigene Seiten eingestellt oder anderweitig reproduziert werden sollen, ist eine Erlaubnis des Kindergartens St. Konrad erforderlich. Der Kindergarten St. Konrad h\u00e4lt das Urheberrecht am Inhalt der Domain &#8222;www.kindergarten-st-konrad.de&#8220;, sowohl an Text, Bildern als auch am Design der Seiten. Ein \u00fcber die Grenzen der \u00a7\u00a745ff UrhG hinausgehender [&hellip;]<\/p>\n","protected":false},"author":1,"featured_media":0,"parent":0,"menu_order":0,"comment_status":"closed","ping_status":"closed","template":"","meta":{"jetpack_post_was_ever_published":false,"footnotes":""},"class_list":["post-59","page","type-page","status-publish","hentry"],"jetpack_sharing_enabled":true,"jetpack_shortlink":"https:\/\/wp.me\/P7HeSw-X","_links":{"self":[{"href":"http:\/\/kindergarten-st-konrad.de\/index.php?rest_route=\/wp\/v2\/pages\/59","targetHints":{"allow":["GET"]}}],"collection":[{"href":"http:\/\/kindergarten-st-konrad.de\/index.php?rest_route=\/wp\/v2\/pages"}],"about":[{"href":"http:\/\/kindergarten-st-konrad.de\/index.php?rest_route=\/wp\/v2\/types\/page"}],"author":[{"embeddable":true,"href":"http:\/\/kindergarten-st-konrad.de\/index.php?rest_route=\/wp\/v2\/users\/1"}],"replies":[{"embeddable":true,"href":"http:\/\/kindergarten-st-konrad.de\/index.php?rest_route=%2Fwp%2Fv2%2Fcomments&post=59"}],"version-history":[{"count":3,"href":"http:\/\/kindergarten-st-konrad.de\/index.php?rest_route=\/wp\/v2\/pages\/59\/revisions"}],"predecessor-version":[{"id":118,"href":"http:\/\/kindergarten-st-konrad.de\/index.php?rest_route=\/wp\/v2\/pages\/59\/revisions\/118"}],"wp:attachment":[{"href":"http:\/\/kindergarten-st-konrad.de\/index.php?rest_route=%2Fwp%2Fv2%2Fmedia&parent=59"}],"curies":[{"name":"wp","href":"https:\/\/api.w.org\/{rel}","templated":true}]}}