{"id":209,"date":"2016-07-24T11:54:08","date_gmt":"2016-07-24T09:54:08","guid":{"rendered":"http:\/\/kindergarten-st-konrad.de\/wordpress\/?page_id=209"},"modified":"2024-01-12T10:28:57","modified_gmt":"2024-01-12T09:28:57","slug":"allgemeines-2","status":"publish","type":"page","link":"http:\/\/kindergarten-st-konrad.de\/?page_id=209","title":{"rendered":"Allgemeines"},"content":{"rendered":"<p>In unserer Kinderkrippe werden 13 Kinder im Alter von 8 Wochen bis 3 Jahren betreut. Wir sind die Sternenkinder. Die neu angebaute Kinderkrippe verf\u00fcgt \u00fcber einen gro\u00dfen Gruppenraum, Nebenraum und verschiedenen Nutzr\u00e4umen. Auch unser Garten mit seinen vielf\u00e4ltigen Spielm\u00f6glichkeiten wird t\u00e4glich von den Kindern genutzt.<\/p>\n","protected":false},"excerpt":{"rendered":"<p>In unserer Kinderkrippe werden 13 Kinder im Alter von 8 Wochen bis 3 Jahren betreut. Wir sind die Sternenkinder. Die neu angebaute Kinderkrippe verf\u00fcgt \u00fcber einen gro\u00dfen Gruppenraum, Nebenraum und verschiedenen Nutzr\u00e4umen. Auch unser Garten mit seinen vielf\u00e4ltigen Spielm\u00f6glichkeiten wird t\u00e4glich von den Kindern genutzt.<\/p>\n","protected":false},"author":1,"featured_media":0,"parent":0,"menu_order":0,"comment_status":"closed","ping_status":"closed","template":"","meta":{"jetpack_post_was_ever_published":false,"footnotes":""},"class_list":["post-209","page","type-page","status-publish","hentry"],"jetpack_sharing_enabled":true,"jetpack_shortlink":"https:\/\/wp.me\/P7HeSw-3n","_links":{"self":[{"href":"http:\/\/kindergarten-st-konrad.de\/index.php?rest_route=\/wp\/v2\/pages\/209","targetHints":{"allow":["GET"]}}],"collection":[{"href":"http:\/\/kindergarten-st-konrad.de\/index.php?rest_route=\/wp\/v2\/pages"}],"about":[{"href":"http:\/\/kindergarten-st-konrad.de\/index.php?rest_route=\/wp\/v2\/types\/page"}],"author":[{"embeddable":true,"href":"http:\/\/kindergarten-st-konrad.de\/index.php?rest_route=\/wp\/v2\/users\/1"}],"replies":[{"embeddable":true,"href":"http:\/\/kindergarten-st-konrad.de\/index.php?rest_route=%2Fwp%2Fv2%2Fcomments&post=209"}],"version-history":[{"count":4,"href":"http:\/\/kindergarten-st-konrad.de\/index.php?rest_route=\/wp\/v2\/pages\/209\/revisions"}],"predecessor-version":[{"id":1600,"href":"http:\/\/kindergarten-st-konrad.de\/index.php?rest_route=\/wp\/v2\/pages\/209\/revisions\/1600"}],"wp:attachment":[{"href":"http:\/\/kindergarten-st-konrad.de\/index.php?rest_route=%2Fwp%2Fv2%2Fmedia&parent=209"}],"curies":[{"name":"wp","href":"https:\/\/api.w.org\/{rel}","templated":true}]}}